{"id":8247,"date":"2016-10-07T08:50:58","date_gmt":"2016-10-07T06:50:58","guid":{"rendered":"http:\/\/www.royaldesign.es\/home\/"},"modified":"2023-10-17T18:20:40","modified_gmt":"2023-10-17T16:20:40","slug":"home","status":"publish","type":"page","link":"https:\/\/www.royaldesign.es\/fr\/","title":{"rendered":"Home"},"content":{"rendered":"<p>[vc_row css_animation=\u00a0\u00bb\u00a0\u00bb row_type=\u00a0\u00bbrow\u00a0\u00bb use_row_as_full_screen_section=\u00a0\u00bbno\u00a0\u00bb type=\u00a0\u00bbfull_width\u00a0\u00bb angled_section=\u00a0\u00bbno\u00a0\u00bb text_align=\u00a0\u00bbleft\u00a0\u00bb background_image_as_pattern=\u00a0\u00bbwithout_pattern\u00a0\u00bb][vc_column][vc_gallery interval=\u00a0\u00bb5&Prime; images=\u00a0\u00bb16206,16215&Prime; img_size=\u00a0\u00bbfull\u00a0\u00bb onclick=\u00a0\u00bbcustom_link\u00a0\u00bb custom_links=\u00a0\u00bb#E-8_aHR0cCUzQSUyRiUyRnJveWFsLnBsYW5uZXJ0ZXN0LmNvbSUyRmNhdGFsb2dvcyUyRiUyQw==\u00a0\u00bb][vc_separator type=\u00a0\u00bbtransparent\u00a0\u00bb][vc_column_text]<\/p>\n<h2>Collection Minital New<\/h2>\n<p>[\/vc_column_text][vc_separator type=\u00a0\u00bbtransparent\u00a0\u00bb][vc_separator type=\u00a0\u00bbtransparent\u00a0\u00bb][vc_gallery interval=\u00a0\u00bb5&Prime; images=\u00a0\u00bb16250&Prime; img_size=\u00a0\u00bbfull\u00a0\u00bb onclick=\u00a0\u00bbcustom_link\u00a0\u00bb custom_links=\u00a0\u00bb#E-8_aHR0cCUzQSUyRiUyRnJveWFsLnBsYW5uZXJ0ZXN0LmNvbSUyRmNhdGFsb2dvcyUyRiUyQw==\u00a0\u00bb][vc_separator type=\u00a0\u00bbtransparent\u00a0\u00bb][vc_column_text]<\/p>\n<h2>Collection V\u00e9rtice<\/h2>\n<p>[\/vc_column_text][vc_separator type=\u00a0\u00bbtransparent\u00a0\u00bb][vc_separator type=\u00a0\u00bbtransparent\u00a0\u00bb][vc_gallery interval=\u00a0\u00bb5&Prime; images=\u00a0\u00bb16209&Prime; img_size=\u00a0\u00bbfull\u00a0\u00bb onclick=\u00a0\u00bbcustom_link\u00a0\u00bb custom_links=\u00a0\u00bb#E-8_aHR0cCUzQSUyRiUyRnJveWFsLnBsYW5uZXJ0ZXN0LmNvbSUyRmNhdGFsb2dvcyUyRiUyQw==\u00a0\u00bb][vc_separator type=\u00a0\u00bbtransparent\u00a0\u00bb][vc_column_text]<\/p>\n<h2>Chambr\u00e9 a coucher City<\/h2>\n<p>[\/vc_column_text][vc_separator type=\u00a0\u00bbtransparent\u00a0\u00bb][vc_gallery interval=\u00a0\u00bb5&Prime; images=\u00a0\u00bb15312,15354&Prime; img_size=\u00a0\u00bbfull\u00a0\u00bb onclick=\u00a0\u00bbcustom_link\u00a0\u00bb custom_links=\u00a0\u00bb#E-8_aHR0cCUzQSUyRiUyRnJveWFsLnBsYW5uZXJ0ZXN0LmNvbSUyRmNhdGFsb2dvcyUyRiUyQw==\u00a0\u00bb][vc_separator type=\u00a0\u00bbtransparent\u00a0\u00bb][vc_separator type=\u00a0\u00bbtransparent\u00a0\u00bb][vc_gallery interval=\u00a0\u00bb5&Prime; images=\u00a0\u00bb11834,15311,15329&Prime; img_size=\u00a0\u00bbfull\u00a0\u00bb onclick=\u00a0\u00bbcustom_link\u00a0\u00bb custom_links=\u00a0\u00bb#E-8_aHR0cCUzQSUyRiUyRnJveWFsLnBsYW5uZXJ0ZXN0LmNvbSUyRmNhdGFsb2dvcyUyRiUyQw==\u00a0\u00bb][vc_separator type=\u00a0\u00bbtransparent\u00a0\u00bb][vc_separator type=\u00a0\u00bbtransparent\u00a0\u00bb][vc_gallery interval=\u00a0\u00bb5&Prime; images=\u00a0\u00bb15359,15360,15361,15368,15367&Prime; img_size=\u00a0\u00bbfull\u00a0\u00bb onclick=\u00a0\u00bbcustom_link\u00a0\u00bb custom_links=\u00a0\u00bb#E-8_aHR0cCUzQSUyRiUyRnJveWFsLnBsYW5uZXJ0ZXN0LmNvbSUyRmNhdGFsb2dvcyUyRiUyQw==\u00a0\u00bb][vc_separator type=\u00a0\u00bbtransparent\u00a0\u00bb][vc_separator type=\u00a0\u00bbtransparent\u00a0\u00bb][vc_gallery interval=\u00a0\u00bb5&Prime; images=\u00a0\u00bb15365,15364,15363&Prime; img_size=\u00a0\u00bbfull\u00a0\u00bb onclick=\u00a0\u00bbcustom_link\u00a0\u00bb custom_links=\u00a0\u00bb#E-8_aHR0cCUzQSUyRiUyRnJveWFsLnBsYW5uZXJ0ZXN0LmNvbSUyRmNhdGFsb2dvcyUyRiUyQw==\u00a0\u00bb][vc_separator type=\u00a0\u00bbtransparent\u00a0\u00bb][vc_column_text]<span id=\"token_1\" class=\"systran_token_word\">Examinez<\/span>\u00a0<span id=\"token_2\" class=\"systran_token_word\">dans<\/span>\u00a0<span id=\"token_3\" class=\"systran_token_word\">notre<\/span>\u00a0<span id=\"token_4\" class=\"systran_token_word\">entreprise<\/span>\u00a0<span id=\"token_5\" class=\"systran_token_word\">et<\/span>\u00a0<span id=\"token_6\" class=\"systran_token_word\">te d\u00e9couvre<\/span><span id=\"token_0\" class=\"systran_token_word\">les<\/span>\u00a0<span id=\"token_8\" class=\"systran_token_word\">possibilit\u00e9s<\/span>\u00a0<span id=\"token_9\" class=\"systran_token_word\">qu<\/span><span id=\"token_9\" class=\"systran_token_punctuation\">&lsquo;<\/span><span id=\"token_0\" class=\"systran_token_word\">il<\/span>\u00a0<span id=\"token_10\" class=\"systran_token_word\">offre<\/span><span id=\"token_11\" class=\"systran_token_punctuation\">.<\/span>[\/vc_column_text][vc_separator type=\u00a0\u00bbtransparent\u00a0\u00bb][vc_separator type=\u00a0\u00bbtransparent\u00a0\u00bb][vc_gallery interval=\u00a0\u00bb5&Prime; images=\u00a0\u00bb11824,15314&Prime; img_size=\u00a0\u00bbfull\u00a0\u00bb onclick=\u00a0\u00bbcustom_link\u00a0\u00bb custom_links=\u00a0\u00bb#E-8_aHR0cCUzQSUyRiUyRnJveWFsLnBsYW5uZXJ0ZXN0LmNvbSUyRmNhdGFsb2dvcyUyRiUyQw==\u00a0\u00bb][vc_separator type=\u00a0\u00bbtransparent\u00a0\u00bb][vc_column_text]<span id=\"token_1\" class=\"systran_token_word\">De<\/span>\u00a0<span id=\"token_0\" class=\"systran_token_word\">de<\/span>\u00a0<span id=\"token_2\" class=\"systran_token_word\">ce qui est<\/span>\u00a0<span id=\"token_3\" class=\"systran_token_word\">classique<\/span>\u00a0<span id=\"token_0\" class=\"systran_token_word\">\u00e0<\/span>\u00a0<span id=\"token_5\" class=\"systran_token_word\">ce qui est<\/span>\u00a0<span id=\"token_6\" class=\"systran_token_word\">moderne<\/span><span id=\"token_7\" class=\"systran_token_word\">avec<\/span>\u00a0<span id=\"token_8\" class=\"systran_token_word\">infinit\u00e9<\/span>\u00a0<span id=\"token_0\" class=\"systran_token_word\">de<\/span>\u00a0<span id=\"token_10\" class=\"systran_token_word\">possibilit\u00e9s<\/span><span id=\"token_11\" class=\"systran_token_punctuation\">.<\/span>[\/vc_column_text][vc_separator type=\u00a0\u00bbtransparent\u00a0\u00bb][vc_separator type=\u00a0\u00bbtransparent\u00a0\u00bb][vc_gallery interval=\u00a0\u00bb5&Prime; images=\u00a0\u00bb6676&Prime; img_size=\u00a0\u00bbfull\u00a0\u00bb onclick=\u00a0\u00bbcustom_link\u00a0\u00bb custom_links=\u00a0\u00bb#E-8_aHR0cCUzQSUyRiUyRnJveWFsLnBsYW5uZXJ0ZXN0LmNvbSUyRmNhdGFsb2dvcyUyRiUyQw==\u00a0\u00bb][vc_separator type=\u00a0\u00bbtransparent\u00a0\u00bb][vc_column_text]Meubles d\u2019appoints de fantastique fabrication et de lignes modernes. Les bases de cette collection sont r\u00e9alis\u00e9es en Acier traditionnel o en Acier Inoxydable poli. Les dessus de tables de salle \u00e0 manger, centres et autres meubles peuvent \u00eatre fournis en bois de <strong>ch\u00eane<\/strong> ou avec du verre transparent ou peint. Possibilit\u00e9 de mesures sp\u00e9ciales.<\/p>\n<p>Pour le choix de la finition du bois dans notre catalogue de finitions, cela correspond \u00e0 <strong><em>\u201cBois \u00e0 Pores ouverts\u201d<\/em><\/strong>, dans le cas d\u2019acier peint la palette d\u2019\u00e9chantillons correspondante est celle de <strong><em>\u201cFinitions sur M\u00e9tal\u201d<\/em><\/strong> et pour le verre, la palette d\u2019\u00e9chantillons est celle de <strong><em>\u201cFinitions sur Verre\u201d.<\/em><\/strong>[\/vc_column_text][vc_separator type=\u00a0\u00bbtransparent\u00a0\u00bb][vc_separator type=\u00a0\u00bbtransparent\u00a0\u00bb][vc_gallery interval=\u00a0\u00bb5&Prime; images=\u00a0\u00bb972&Prime; img_size=\u00a0\u00bbfull\u00a0\u00bb onclick=\u00a0\u00bbcustom_link\u00a0\u00bb custom_links=\u00a0\u00bb#E-8_aHR0cCUzQSUyRiUyRnJveWFsLnBsYW5uZXJ0ZXN0LmNvbSUyRm5vdGljaWFzJTJG\u00a0\u00bb][vc_separator type=\u00a0\u00bbtransparent\u00a0\u00bb][vc_column_text]Dans cette collection, la sobri\u00e9t\u00e9 et l\u2019harmonie se m\u00e9langent proposant des meubles d\u2019une ligne marqu\u00e9e contemporaine.<\/p>\n<p>Construction mixte en bois massif et plaqu\u00e9. Tous les meubles sont fabriqu\u00e9s en <strong>noyer<\/strong> ou en \u00a0<strong>ch\u00eane<\/strong>. Les meubles de cette collection peuvent \u00eatre r\u00e9alis\u00e9s selon notre catalogue de finitions correspondant \u00e0 la palette d\u2019\u00e9chantillons de <strong><em>\u201cBois sp\u00e9ciaux\u201d<\/em><\/strong> dans le cas de noyer et de <strong><em>\u201cBois \u00e0 Pores ouverts\u201d <\/em><\/strong>\u00a0dans le cas de ch\u00eane. Pour les pieds peints, on peut utiliser les finitions qui sont pr\u00e9sent\u00e9es sur la palette d\u2019\u00e9chantillons <strong><em>\u201cfinitions sur M\u00e9tal\u201d.<\/em><\/strong>[\/vc_column_text][vc_separator type=\u00a0\u00bbtransparent\u00a0\u00bb][vc_separator type=\u00a0\u00bbtransparent\u00a0\u00bb][\/vc_column][\/vc_row][vc_row css_animation=\u00a0\u00bb\u00a0\u00bb row_type=\u00a0\u00bbrow\u00a0\u00bb use_row_as_full_screen_section=\u00a0\u00bbno\u00a0\u00bb type=\u00a0\u00bbfull_width\u00a0\u00bb angled_section=\u00a0\u00bbno\u00a0\u00bb text_align=\u00a0\u00bbleft\u00a0\u00bb background_image_as_pattern=\u00a0\u00bbwithout_pattern\u00a0\u00bb][vc_column][\/vc_column][\/vc_row]<\/p>\n","protected":false},"excerpt":{"rendered":"<p>[vc_row css_animation=\u00a0\u00bb\u00a0\u00bb row_type=\u00a0\u00bbrow\u00a0\u00bb use_row_as_full_screen_section=\u00a0\u00bbno\u00a0\u00bb type=\u00a0\u00bbfull_width\u00a0\u00bb angled_section=\u00a0\u00bbno\u00a0\u00bb text_align=\u00a0\u00bbleft\u00a0\u00bb background_image_as_pattern=\u00a0\u00bbwithout_pattern\u00a0\u00bb][vc_column][vc_gallery interval=\u00a0\u00bb5&Prime; images=\u00a0\u00bb16206,16215&Prime; img_size=\u00a0\u00bbfull\u00a0\u00bb onclick=\u00a0\u00bbcustom_link\u00a0\u00bb custom_links=\u00a0\u00bb#E-8_aHR0cCUzQSUyRiUyRnJveWFsLnBsYW5uZXJ0ZXN0LmNvbSUyRmNhdGFsb2dvcyUyRiUyQw==\u00a0\u00bb][vc_separator type=\u00a0\u00bbtransparent\u00a0\u00bb][vc_column_text] Collection Minital New [\/vc_column_text][vc_separator type=\u00a0\u00bbtransparent\u00a0\u00bb][vc_separator type=\u00a0\u00bbtransparent\u00a0\u00bb][vc_gallery interval=\u00a0\u00bb5&Prime; images=\u00a0\u00bb16250&Prime; img_size=\u00a0\u00bbfull\u00a0\u00bb onclick=\u00a0\u00bbcustom_link\u00a0\u00bb custom_links=\u00a0\u00bb#E-8_aHR0cCUzQSUyRiUyRnJveWFsLnBsYW5uZXJ0ZXN0LmNvbSUyRmNhdGFsb2dvcyUyRiUyQw==\u00a0\u00bb][vc_separator type=\u00a0\u00bbtransparent\u00a0\u00bb][vc_column_text] Collection V\u00e9rtice [\/vc_column_text][vc_separator type=\u00a0\u00bbtransparent\u00a0\u00bb][vc_separator type=\u00a0\u00bbtransparent\u00a0\u00bb][vc_gallery interval=\u00a0\u00bb5&Prime; images=\u00a0\u00bb16209&Prime; img_size=\u00a0\u00bbfull\u00a0\u00bb onclick=\u00a0\u00bbcustom_link\u00a0\u00bb custom_links=\u00a0\u00bb#E-8_aHR0cCUzQSUyRiUyRnJveWFsLnBsYW5uZXJ0ZXN0LmNvbSUyRmNhdGFsb2dvcyUyRiUyQw==\u00a0\u00bb][vc_separator type=\u00a0\u00bbtransparent\u00a0\u00bb][vc_column_text] Chambr\u00e9 a coucher City [\/vc_column_text][vc_separator type=\u00a0\u00bbtransparent\u00a0\u00bb][vc_gallery interval=\u00a0\u00bb5&Prime; images=\u00a0\u00bb15312,15354&Prime;&#8230;<\/p>\n","protected":false},"author":1,"featured_media":0,"parent":0,"menu_order":0,"comment_status":"closed","ping_status":"closed","template":"portada.php","meta":[],"yoast_head":"<!-- This site is optimized with the Yoast SEO plugin v19.10 - https:\/\/yoast.com\/wordpress\/plugins\/seo\/ -->\n<title>Home - Royal Design<\/title>\n<meta name=\"robots\" content=\"index, follow, max-snippet:-1, max-image-preview:large, max-video-preview:-1\" \/>\n<link rel=\"canonical\" href=\"https:\/\/www.royaldesign.es\/fr\/\" \/>\n<meta property=\"og:locale\" content=\"fr_FR\" \/>\n<meta property=\"og:type\" content=\"article\" \/>\n<meta property=\"og:title\" content=\"Home - Royal Design\" \/>\n<meta property=\"og:description\" content=\"[vc_row css_animation=\u00a0\u00bb\u00a0\u00bb row_type=\u00a0\u00bbrow\u00a0\u00bb use_row_as_full_screen_section=\u00a0\u00bbno\u00a0\u00bb type=\u00a0\u00bbfull_width\u00a0\u00bb angled_section=\u00a0\u00bbno\u00a0\u00bb text_align=\u00a0\u00bbleft\u00a0\u00bb background_image_as_pattern=\u00a0\u00bbwithout_pattern\u00a0\u00bb][vc_column][vc_gallery interval=\u00a0\u00bb5&Prime; images=\u00a0\u00bb16206,16215&Prime; img_size=\u00a0\u00bbfull\u00a0\u00bb onclick=\u00a0\u00bbcustom_link\u00a0\u00bb custom_links=\u00a0\u00bb#E-8_aHR0cCUzQSUyRiUyRnJveWFsLnBsYW5uZXJ0ZXN0LmNvbSUyRmNhdGFsb2dvcyUyRiUyQw==\u00a0\u00bb][vc_separator type=\u00a0\u00bbtransparent\u00a0\u00bb][vc_column_text] Collection Minital New [\/vc_column_text][vc_separator type=\u00a0\u00bbtransparent\u00a0\u00bb][vc_separator type=\u00a0\u00bbtransparent\u00a0\u00bb][vc_gallery interval=\u00a0\u00bb5&Prime; images=\u00a0\u00bb16250&Prime; img_size=\u00a0\u00bbfull\u00a0\u00bb onclick=\u00a0\u00bbcustom_link\u00a0\u00bb custom_links=\u00a0\u00bb#E-8_aHR0cCUzQSUyRiUyRnJveWFsLnBsYW5uZXJ0ZXN0LmNvbSUyRmNhdGFsb2dvcyUyRiUyQw==\u00a0\u00bb][vc_separator type=\u00a0\u00bbtransparent\u00a0\u00bb][vc_column_text] Collection V\u00e9rtice [\/vc_column_text][vc_separator type=\u00a0\u00bbtransparent\u00a0\u00bb][vc_separator type=\u00a0\u00bbtransparent\u00a0\u00bb][vc_gallery interval=\u00a0\u00bb5&Prime; images=\u00a0\u00bb16209&Prime; img_size=\u00a0\u00bbfull\u00a0\u00bb onclick=\u00a0\u00bbcustom_link\u00a0\u00bb custom_links=\u00a0\u00bb#E-8_aHR0cCUzQSUyRiUyRnJveWFsLnBsYW5uZXJ0ZXN0LmNvbSUyRmNhdGFsb2dvcyUyRiUyQw==\u00a0\u00bb][vc_separator type=\u00a0\u00bbtransparent\u00a0\u00bb][vc_column_text] Chambr\u00e9 a coucher City [\/vc_column_text][vc_separator type=\u00a0\u00bbtransparent\u00a0\u00bb][vc_gallery interval=\u00a0\u00bb5&Prime; images=\u00a0\u00bb15312,15354&Prime;...\" \/>\n<meta property=\"og:url\" content=\"https:\/\/www.royaldesign.es\/fr\/\" \/>\n<meta property=\"og:site_name\" content=\"Royal Design\" \/>\n<meta property=\"article:publisher\" content=\"https:\/\/www.facebook.com\/Royal-Design-626366087456840\/\" \/>\n<meta property=\"article:modified_time\" content=\"2023-10-17T16:20:40+00:00\" \/>\n<meta name=\"twitter:card\" content=\"summary_large_image\" \/>\n<meta name=\"twitter:site\" content=\"@RoyalDesign10\" \/>\n<meta name=\"twitter:label1\" content=\"Dur\u00e9e de lecture estim\u00e9e\" \/>\n\t<meta name=\"twitter:data1\" content=\"2 minutes\" \/>\n<script type=\"application\/ld+json\" class=\"yoast-schema-graph\">{\"@context\":\"https:\/\/schema.org\",\"@graph\":[{\"@type\":\"WebPage\",\"@id\":\"https:\/\/www.royaldesign.es\/fr\/\",\"url\":\"https:\/\/www.royaldesign.es\/fr\/\",\"name\":\"Home - Royal Design\",\"isPartOf\":{\"@id\":\"https:\/\/www.royaldesign.es\/#website\"},\"datePublished\":\"2016-10-07T06:50:58+00:00\",\"dateModified\":\"2023-10-17T16:20:40+00:00\",\"breadcrumb\":{\"@id\":\"https:\/\/www.royaldesign.es\/fr\/#breadcrumb\"},\"inLanguage\":\"fr-FR\",\"potentialAction\":[{\"@type\":\"ReadAction\",\"target\":[\"https:\/\/www.royaldesign.es\/fr\/\"]}]},{\"@type\":\"BreadcrumbList\",\"@id\":\"https:\/\/www.royaldesign.es\/fr\/#breadcrumb\",\"itemListElement\":[{\"@type\":\"ListItem\",\"position\":1,\"name\":\"Portada\",\"item\":\"https:\/\/www.royaldesign.es\/fr\/\"},{\"@type\":\"ListItem\",\"position\":2,\"name\":\"Home\"}]},{\"@type\":\"WebSite\",\"@id\":\"https:\/\/www.royaldesign.es\/#website\",\"url\":\"https:\/\/www.royaldesign.es\/\",\"name\":\"Royal Design\",\"description\":\"\",\"potentialAction\":[{\"@type\":\"SearchAction\",\"target\":{\"@type\":\"EntryPoint\",\"urlTemplate\":\"https:\/\/www.royaldesign.es\/?s={search_term_string}\"},\"query-input\":\"required name=search_term_string\"}],\"inLanguage\":\"fr-FR\"}]}<\/script>\n<!-- \/ Yoast SEO plugin. -->","yoast_head_json":{"title":"Home - Royal Design","robots":{"index":"index","follow":"follow","max-snippet":"max-snippet:-1","max-image-preview":"max-image-preview:large","max-video-preview":"max-video-preview:-1"},"canonical":"https:\/\/www.royaldesign.es\/fr\/","og_locale":"fr_FR","og_type":"article","og_title":"Home - Royal Design","og_description":"[vc_row css_animation=\u00a0\u00bb\u00a0\u00bb row_type=\u00a0\u00bbrow\u00a0\u00bb use_row_as_full_screen_section=\u00a0\u00bbno\u00a0\u00bb type=\u00a0\u00bbfull_width\u00a0\u00bb angled_section=\u00a0\u00bbno\u00a0\u00bb text_align=\u00a0\u00bbleft\u00a0\u00bb background_image_as_pattern=\u00a0\u00bbwithout_pattern\u00a0\u00bb][vc_column][vc_gallery interval=\u00a0\u00bb5&Prime; images=\u00a0\u00bb16206,16215&Prime; img_size=\u00a0\u00bbfull\u00a0\u00bb onclick=\u00a0\u00bbcustom_link\u00a0\u00bb custom_links=\u00a0\u00bb#E-8_aHR0cCUzQSUyRiUyRnJveWFsLnBsYW5uZXJ0ZXN0LmNvbSUyRmNhdGFsb2dvcyUyRiUyQw==\u00a0\u00bb][vc_separator type=\u00a0\u00bbtransparent\u00a0\u00bb][vc_column_text] Collection Minital New [\/vc_column_text][vc_separator type=\u00a0\u00bbtransparent\u00a0\u00bb][vc_separator type=\u00a0\u00bbtransparent\u00a0\u00bb][vc_gallery interval=\u00a0\u00bb5&Prime; images=\u00a0\u00bb16250&Prime; img_size=\u00a0\u00bbfull\u00a0\u00bb onclick=\u00a0\u00bbcustom_link\u00a0\u00bb custom_links=\u00a0\u00bb#E-8_aHR0cCUzQSUyRiUyRnJveWFsLnBsYW5uZXJ0ZXN0LmNvbSUyRmNhdGFsb2dvcyUyRiUyQw==\u00a0\u00bb][vc_separator type=\u00a0\u00bbtransparent\u00a0\u00bb][vc_column_text] Collection V\u00e9rtice [\/vc_column_text][vc_separator type=\u00a0\u00bbtransparent\u00a0\u00bb][vc_separator type=\u00a0\u00bbtransparent\u00a0\u00bb][vc_gallery interval=\u00a0\u00bb5&Prime; images=\u00a0\u00bb16209&Prime; img_size=\u00a0\u00bbfull\u00a0\u00bb onclick=\u00a0\u00bbcustom_link\u00a0\u00bb custom_links=\u00a0\u00bb#E-8_aHR0cCUzQSUyRiUyRnJveWFsLnBsYW5uZXJ0ZXN0LmNvbSUyRmNhdGFsb2dvcyUyRiUyQw==\u00a0\u00bb][vc_separator type=\u00a0\u00bbtransparent\u00a0\u00bb][vc_column_text] Chambr\u00e9 a coucher City [\/vc_column_text][vc_separator type=\u00a0\u00bbtransparent\u00a0\u00bb][vc_gallery interval=\u00a0\u00bb5&Prime; images=\u00a0\u00bb15312,15354&Prime;...","og_url":"https:\/\/www.royaldesign.es\/fr\/","og_site_name":"Royal Design","article_publisher":"https:\/\/www.facebook.com\/Royal-Design-626366087456840\/","article_modified_time":"2023-10-17T16:20:40+00:00","twitter_card":"summary_large_image","twitter_site":"@RoyalDesign10","twitter_misc":{"Dur\u00e9e de lecture estim\u00e9e":"2 minutes"},"schema":{"@context":"https:\/\/schema.org","@graph":[{"@type":"WebPage","@id":"https:\/\/www.royaldesign.es\/fr\/","url":"https:\/\/www.royaldesign.es\/fr\/","name":"Home - Royal Design","isPartOf":{"@id":"https:\/\/www.royaldesign.es\/#website"},"datePublished":"2016-10-07T06:50:58+00:00","dateModified":"2023-10-17T16:20:40+00:00","breadcrumb":{"@id":"https:\/\/www.royaldesign.es\/fr\/#breadcrumb"},"inLanguage":"fr-FR","potentialAction":[{"@type":"ReadAction","target":["https:\/\/www.royaldesign.es\/fr\/"]}]},{"@type":"BreadcrumbList","@id":"https:\/\/www.royaldesign.es\/fr\/#breadcrumb","itemListElement":[{"@type":"ListItem","position":1,"name":"Portada","item":"https:\/\/www.royaldesign.es\/fr\/"},{"@type":"ListItem","position":2,"name":"Home"}]},{"@type":"WebSite","@id":"https:\/\/www.royaldesign.es\/#website","url":"https:\/\/www.royaldesign.es\/","name":"Royal Design","description":"","potentialAction":[{"@type":"SearchAction","target":{"@type":"EntryPoint","urlTemplate":"https:\/\/www.royaldesign.es\/?s={search_term_string}"},"query-input":"required name=search_term_string"}],"inLanguage":"fr-FR"}]}},"_links":{"self":[{"href":"https:\/\/www.royaldesign.es\/fr\/wp-json\/wp\/v2\/pages\/8247"}],"collection":[{"href":"https:\/\/www.royaldesign.es\/fr\/wp-json\/wp\/v2\/pages"}],"about":[{"href":"https:\/\/www.royaldesign.es\/fr\/wp-json\/wp\/v2\/types\/page"}],"author":[{"embeddable":true,"href":"https:\/\/www.royaldesign.es\/fr\/wp-json\/wp\/v2\/users\/1"}],"replies":[{"embeddable":true,"href":"https:\/\/www.royaldesign.es\/fr\/wp-json\/wp\/v2\/comments?post=8247"}],"version-history":[{"count":22,"href":"https:\/\/www.royaldesign.es\/fr\/wp-json\/wp\/v2\/pages\/8247\/revisions"}],"predecessor-version":[{"id":16258,"href":"https:\/\/www.royaldesign.es\/fr\/wp-json\/wp\/v2\/pages\/8247\/revisions\/16258"}],"wp:attachment":[{"href":"https:\/\/www.royaldesign.es\/fr\/wp-json\/wp\/v2\/media?parent=8247"}],"curies":[{"name":"wp","href":"https:\/\/api.w.org\/{rel}","templated":true}]}}